{"id":285,"date":"2020-09-15T16:24:31","date_gmt":"2020-09-15T13:24:31","guid":{"rendered":"https:\/\/ainogalleria.fi\/teoskauppa\/?page_id=285"},"modified":"2020-10-05T10:29:27","modified_gmt":"2020-10-05T07:29:27","slug":"tilaus-ja-toimitusehdot","status":"publish","type":"page","link":"https:\/\/ainogalleria.fi\/teoskauppa\/tilaus-ja-toimitusehdot\/","title":{"rendered":"Tilaus- ja toimitusehdot"},"content":{"rendered":"<p><strong>Tilaus- ja toimitusehdot<\/strong><\/p>\n<p><strong>Suostumus henkil\u00f6tietojesi k\u00e4sittelyyn<\/strong><\/p>\n<p>Tekem\u00e4ll\u00e4 tilauksen hyv\u00e4ksyt henkil\u00f6tietojesi k\u00e4ytt\u00e4misen. <a href=\"https:\/\/ainogalleria.fi\/teoskauppa\/tietosuojaseloste\/\">Katso tietosuojaseloste t\u00e4st\u00e4<\/a><\/p>\n<p><strong>Toimitusehdot lyhyesti<\/strong><\/p>\n<p>K\u00e4ytt\u00e4m\u00e4tt\u00f6mill\u00e4 tuotteilla on t\u00e4ysi 14 p\u00e4iv\u00e4n palautusoikeus.<\/p>\n<p>Tuotetta, jota l\u00f6ytyy varastosta on toimitusaika 2-7 arkip\u00e4iv\u00e4\u00e4. Mik\u00e4li tilattu tuote on poikkeuksellisesti p\u00e4\u00e4ssyt loppumaan varastosta, ilmoitetaan siit\u00e4 asiakkaalle viipym\u00e4tt\u00e4.<\/p>\n<p>Mik\u00e4li kuluttajalle on toimitettu v\u00e4\u00e4r\u00e4 tuote tai tuote on viallinen, tulee kuluttajan ilmoittaa asiasta viipym\u00e4tt\u00e4 AINO GALLERIA asiakaspalveluun joko s\u00e4hk\u00f6postitse info@ainogalleria.fi tai puhelimitse 0500607553 (ma-pe 9-16 )<\/p>\n<p>ainogalleria.fi ei vastaa siit\u00e4, jos tilauksen toimitus estyy, vaikeutuu tai my\u00f6h\u00e4styy vaikutusmahdollisuuksien ulkopuolella olevasta seikasta, kuten sodasta, luonnonmullistuksesta, vienti- tai tuontikiellosta, viranomaisen p\u00e4\u00e4t\u00f6ksest\u00e4, yleisen liikenteen h\u00e4iriintymisest\u00e4 tai muusta vastaavasta ainogalleria.fi -verkkokaupan toimintaa vaikeuttavasta tai est\u00e4v\u00e4st\u00e4 toiminnasta.<\/p>\n<p><strong>Tarkemmat toimitusehdot<\/strong><\/p>\n<p><strong>1. Toimitusaika<\/strong><\/p>\n<p>Tuotteidemme toimitusaika on 2 &#8211; 7 ty\u00f6p\u00e4iv\u00e4\u00e4. Pyrimme aina mahdollisimman nopeaan toimitukseen. Olemme asiakkaisiin mahdollisimman pikaisesti yhteydess\u00e4 s\u00e4hk\u00f6postitse tai puhelimitse mik\u00e4li havaitsemme toimitusajan kest\u00e4v\u00e4n normaalia pidemp\u00e4\u00e4n.<\/p>\n<p><strong>2. Toimitustavat<\/strong><\/p>\n<p>Postin kotiinkuljetus 10\u20ac<\/p>\n<p>Postin kotiinkuljetus on helppo tapa vastaanottaa l\u00e4hetys. Posti sopii kanssasi toimitusajankohdan.<br \/>\nL\u00e4hetykset toimitetaan suuremmissa kaupungeissa vastaanottajille arkisin klo 21 menness\u00e4 ja muilla alueilla klo 14 tai 17 menness\u00e4.<br \/>\nPostin l\u00e4hetyksien kulkua voit seurata l\u00e4hetystunnuksen perusteella, jonka saat s\u00e4hk\u00f6postiin kun l\u00e4het\u00e4mme paketin.<\/p>\n<p>Nouto AINO GALLERIASTA 0\u20ac<\/p>\n<p>Sovi noutoajankohdasta puhelimitse.<\/p>\n<p>Gallerian yhteystiedot ja aukioloajat n\u00e4et yhteystiedot sivulta <a href=\"https:\/ainogalleria.fi\/teoskauppa\/yhteystiedot\">https:\/ainogalleria.fi\/teoskauppa\/yhteystiedot<\/a><\/p>\n<p><strong>3. Maksutavat<\/strong><\/p>\n<p>Verkkopankkimaksut: Nordea, Osuuspankki, Danske Pankki, S\u00e4\u00e4st\u00f6pankki \/ Aktia, Nooa, Handelsbanken, \u00c5landsbanken, Tapiola ja S-pankki.<\/p>\n<p>Luottokortit: Visa, Visa Electron, MasterCard.<\/p>\n<p><strong>4. Palautusoikeus ja tuotevaihdot<\/strong><\/p>\n<p>Tuotteilla on t\u00e4ysi 14 vuorokauden palautusoikeus.<\/p>\n<p>Palautettavan tuotteen tulee olla k\u00e4ytt\u00e4m\u00e4t\u00f6n ja muuttumaton.<\/p>\n<p>Tuote tulee palauttaa alkuper\u00e4isess\u00e4 pakkauksessaan siten ett\u00e4 kaikki pakkauksessa olevat pehmusteet ja suojamuovit ovat paikallaan siten kuin ne olivat l\u00e4hetyksen saapuessa.<\/p>\n<p>Palautus on asiakkaalle maksuton lukuunottamatta seuraavia tapauksia:<\/p>\n<p>&#8211; Tuotteen tiedoissa on mainittu erikseen poikkeus maksuttomasta palautuksesta.<br \/>\n&#8211; Tuote on tilattu toiseen maahan, ts. ilmainen palautus vain Suomesta.<br \/>\n&#8211; Noutamatta j\u00e4tt\u00e4minen ei ole tilauksen peruminen, vaan perumisesta tulee aina ilmoittaa AINO GALLERIALLE.<br \/>\n&#8211; Tuote on k\u00e4ytetty ja muuttunut uutta vastaavasta kunnosta<br \/>\n&#8211; L\u00e4hetyksess\u00e4 on tilattu useita samanlaisia tai saman tyyppisi\u00e4 tuotteita.<\/p>\n<p>Mik\u00e4li jokin n\u00e4ist\u00e4 kohdista t\u00e4yttyy, veloitamme asiakkaalta rahdin todelliset kustannukset.<\/p>\n<p>Palautuksesta tulee ilmoittaa ennakkoon s\u00e4hk\u00f6postitse osoitteeseen info(at)ainogalleria.fi tai puhelimitse numeroon 0500607553 (ma &#8211; pe 9.00 &#8211; 16.00).<\/p>\n<p>Palautus tehd\u00e4\u00e4n toimittamalla tuote l\u00e4hett\u00e4j\u00e4n osoitteeseen. Saatte tarkemman tuotepalautukseen liittyv\u00e4n informaation asiakaspalvelustamme.<\/p>\n<p>Sama palautusoikeus koskee vioittuneita tuotteita tai mik\u00e4li olette saaneet muuten virheellisen toimituksen. Toimituskuluja ei t\u00e4ll\u00f6in tarvitse maksaa.<\/p>\n<p>Palautuksen yhteydess\u00e4 tulee ilmoittaa seuraavat asiat:<\/p>\n<p>Palautuksen syy<br \/>\nTilaajan tunnistetiedot (nimi \/ tilausnumero)<br \/>\nHaluatteko vain palauttaa tuotteen ja saada rahat takaisin tilille vai toivotteko, ett\u00e4 l\u00e4het\u00e4mme vastaavan tuotteen vioittuneen tai v\u00e4\u00e4r\u00e4n tuotteen tilalle (ja hyvit\u00e4mme mahd. erotuksen).<br \/>\nRahojen palautusta varten pyyd\u00e4mme ilmoittamaan tilinumeron.<\/p>\n<p><strong>5. Reklamaatiot<\/strong><\/p>\n<p>Kaikki tilaukseen tai toimitukseen liittyv\u00e4t reklamaatiot pyyd\u00e4mme l\u00e4hett\u00e4m\u00e4\u00e4n seitsem\u00e4n (7) vuorokauden kuluessa tilauksen vastaanottamisesta osoitteeseen: info@ainogalleria.fi tai puhelimitse 0500607553 (ma-pe 9-16 )<\/p>\n<p><strong>6. Tilauksen peruminen<\/strong><\/p>\n<p>Asiakas voi peruuttaa tilauksensa, mik\u00e4li toimitus ei ole tapahtunut kohtuullisessa ajassa. Tilauksen perumisesta tulee ilmoittaa osoitteeseen info@ainogalleria.fi tai puhelimitse 0500607553 (ma-pe 9-16 ). Yleens\u00e4 ilmoitamme asiakkaillemme s\u00e4hk\u00f6postilla tai puhelimitse, jos toimitusaika eroaa normaalista. My\u00f6s ainogalleria.fi pid\u00e4tt\u00e4\u00e4 oikeuden tilauksen perumiseen ja palauttaa rahat asiakkaan tilille.<\/p>\n<p>Tilauksen noutamatta j\u00e4tt\u00e4minen ei ole tilauksen peruminen, vaan perumisesta tulee aina ilmoittaa AINO GALLERIAlle. Kuluista jotka liittyv\u00e4t toimituksiin, jotka peruutusilmoitusta tekem\u00e4tt\u00e4 on j\u00e4tetty noutamatta toimipaikasta, perimme kumpaankin suuntaan aiheutuneet kulut, kuitenkin v\u00e4hint\u00e4\u00e4n 10\u20ac. Veloitamme Postin tai Matkahuollon hinnaston mukaiset rahtikulut.<\/p>\n<p><strong>7. Yhteystiedot<\/strong><\/p>\n<p>AINO GALLERIA \/ AINOKLINIKAT OY<br \/>\nToijalantie 286<br \/>\n37850 METS\u00c4KANSA<\/p>\n<p>AINO GALLERIA<br \/>\nMechelininkatu 17 B<br \/>\n00100 HELSINKI<\/p>\n<p>puh. 0500607553<\/p>\n<p>s\u00e4hk\u00f6posti: info@ainogalleria.fi<\/p>\n<hr \/>\n<p><strong>8. Maksupalvelutarjoaja<\/strong><\/p>\n<p>Maksunv\u00e4lityspalvelun toteuttajana ja maksupalveluntarjoajana toimii Paytrail Oyj (2122839-7) yhteisty\u00f6ss\u00e4 suomalaisten pankkien ja luottolaitosten kanssa. Paytrail Oyj n\u00e4kyy maksun saajana tiliotteella tai korttilaskulla ja v\u00e4litt\u00e4\u00e4 maksun kauppiaalle. Paytrail Oyj:ll\u00e4 on maksulaitoksen toimilupa. Reklamaatiotapauksissa pyyd\u00e4mme ottamaan ensisijaisesti yhteytt\u00e4 tuotteen toimittajaan.<\/p>\n<p>Paytrail Oyj, y-tunnus: 2122839-7<br \/>\nInnova 2<br \/>\nLutakonaukio 7<br \/>\n40100 Jyv\u00e4skyl\u00e4<br \/>\nPuhelin: 0207 181830<\/p>\n<p>www.paytrail.com<\/p>\n<hr \/>\n<p><strong>Payment Service Provider<\/strong><\/p>\n<p>Paytrail Plc acts as a collecting payment service provider and is an authorized Payment Institution. Paytrail Plc will be shown as the recipient on your bank or credit card statement. Paytrail Plc will forward the payment to the merchant. For reclamations, please contact the website the payment was made to.<\/p>\n<p>Paytrail Plc<br \/>\nInnova 2<br \/>\nLutakonaukio 7<br \/>\n40100 Jyv\u00e4skyl\u00e4<br \/>\nPhone: +358 207 181 830<br \/>\nBusiness ID 2122839-7<\/p>\n<hr \/>\n<p><strong><br \/>\nBetalningsf\u00f6rmedlare<\/strong><\/p>\n<p>Betalningsf\u00f6rmedlingstj\u00e4nsten utf\u00f6rs och som leverant\u00f6r st\u00e5r Paytrail Oyj(2122839-7) i samarbete med banker och kreditinstitut. Betalningar med Visa Electron eller MasterCard-kort syns Paytrail Oyj som mottagare i kortr\u00e4kningen och \u00e4ven f\u00f6rmedlar betalningen till k\u00f6pmannen. Paytrail Oyj har verksamhetstillst\u00e5nd f\u00f6r betalningsinstitut beviljat av Finansinspektionen. Vid klagom\u00e5l ber vi er i f\u00f6rsta hand vara i kontakt med n\u00e4tbutiken.<\/p>\n<p>Paytrail Oyj<br \/>\nFO-nummer: 2122839-7<br \/>\nInnova 2<br \/>\nLutakonaukio 7 40100 Jyv\u00e4skyl\u00e4<br \/>\nTelefon: 0207 181830<br \/>\nwww.paytrail.com<\/p>\n","protected":false},"excerpt":{"rendered":"<p>Tilaus- ja toimitusehdot Suostumus henkil\u00f6tietojesi k\u00e4sittelyyn Tekem\u00e4ll\u00e4 tilauksen hyv\u00e4ksyt henkil\u00f6tietojesi k\u00e4ytt\u00e4misen. Katso tietosuojaseloste t\u00e4st\u00e4 Toimitusehdot lyhyesti K\u00e4ytt\u00e4m\u00e4tt\u00f6mill\u00e4 tuotteilla on t\u00e4ysi 14 p\u00e4iv\u00e4n palautusoikeus. Tuotetta, jota l\u00f6ytyy varastosta on toimitusaika 2-7 arkip\u00e4iv\u00e4\u00e4. Mik\u00e4li tilattu tuote on poikkeuksellisesti p\u00e4\u00e4ssyt loppumaan varastosta, ilmoitetaan siit\u00e4 asiakkaalle viipym\u00e4tt\u00e4. Mik\u00e4li kuluttajalle on toimitettu v\u00e4\u00e4r\u00e4 tuote tai tuote on viallinen, tulee kuluttajan [&hellip;]<\/p>\n","protected":false},"author":1,"featured_media":0,"parent":0,"menu_order":0,"comment_status":"closed","ping_status":"closed","template":"","meta":{"footnotes":""},"class_list":["post-285","page","type-page","status-publish","hentry"],"yoast_head":"<!-- This site is optimized with the Yoast SEO plugin v27.4 - https:\/\/yoast.com\/product\/yoast-seo-wordpress\/ -->\n<title>Tilaus- ja toimitusehdot - AINO GALLERIA teoskauppa<\/title>\n<meta name=\"robots\" content=\"index, follow, max-snippet:-1, max-image-preview:large, max-video-preview:-1\" \/>\n<link rel=\"canonical\" href=\"https:\/\/ainogalleria.fi\/teoskauppa\/tilaus-ja-toimitusehdot\/\" \/>\n<meta property=\"og:locale\" content=\"fi_FI\" \/>\n<meta property=\"og:type\" content=\"article\" \/>\n<meta property=\"og:title\" content=\"Tilaus- ja toimitusehdot - AINO GALLERIA teoskauppa\" \/>\n<meta property=\"og:description\" content=\"Tilaus- ja toimitusehdot Suostumus henkil\u00f6tietojesi k\u00e4sittelyyn Tekem\u00e4ll\u00e4 tilauksen hyv\u00e4ksyt henkil\u00f6tietojesi k\u00e4ytt\u00e4misen. Katso tietosuojaseloste t\u00e4st\u00e4 Toimitusehdot lyhyesti K\u00e4ytt\u00e4m\u00e4tt\u00f6mill\u00e4 tuotteilla on t\u00e4ysi 14 p\u00e4iv\u00e4n palautusoikeus. Tuotetta, jota l\u00f6ytyy varastosta on toimitusaika 2-7 arkip\u00e4iv\u00e4\u00e4. Mik\u00e4li tilattu tuote on poikkeuksellisesti p\u00e4\u00e4ssyt loppumaan varastosta, ilmoitetaan siit\u00e4 asiakkaalle viipym\u00e4tt\u00e4. Mik\u00e4li kuluttajalle on toimitettu v\u00e4\u00e4r\u00e4 tuote tai tuote on viallinen, tulee kuluttajan [&hellip;]\" \/>\n<meta property=\"og:url\" content=\"https:\/\/ainogalleria.fi\/teoskauppa\/tilaus-ja-toimitusehdot\/\" \/>\n<meta property=\"og:site_name\" content=\"AINO GALLERIA teoskauppa\" \/>\n<meta property=\"article:publisher\" content=\"https:\/\/www.facebook.com\/Galleria-Aino-671946403253203\/\" \/>\n<meta property=\"article:modified_time\" content=\"2020-10-05T07:29:27+00:00\" \/>\n<meta name=\"twitter:card\" content=\"summary_large_image\" \/>\n<script type=\"application\/ld+json\" class=\"yoast-schema-graph\">{\"@context\":\"https:\\\/\\\/schema.org\",\"@graph\":[{\"@type\":\"WebPage\",\"@id\":\"https:\\\/\\\/ainogalleria.fi\\\/teoskauppa\\\/tilaus-ja-toimitusehdot\\\/\",\"url\":\"https:\\\/\\\/ainogalleria.fi\\\/teoskauppa\\\/tilaus-ja-toimitusehdot\\\/\",\"name\":\"Tilaus- ja toimitusehdot - AINO GALLERIA teoskauppa\",\"isPartOf\":{\"@id\":\"https:\\\/\\\/ainogalleria.fi\\\/teoskauppa\\\/#website\"},\"datePublished\":\"2020-09-15T13:24:31+00:00\",\"dateModified\":\"2020-10-05T07:29:27+00:00\",\"breadcrumb\":{\"@id\":\"https:\\\/\\\/ainogalleria.fi\\\/teoskauppa\\\/tilaus-ja-toimitusehdot\\\/#breadcrumb\"},\"inLanguage\":\"fi\",\"potentialAction\":[{\"@type\":\"ReadAction\",\"target\":[\"https:\\\/\\\/ainogalleria.fi\\\/teoskauppa\\\/tilaus-ja-toimitusehdot\\\/\"]}]},{\"@type\":\"BreadcrumbList\",\"@id\":\"https:\\\/\\\/ainogalleria.fi\\\/teoskauppa\\\/tilaus-ja-toimitusehdot\\\/#breadcrumb\",\"itemListElement\":[{\"@type\":\"ListItem\",\"position\":1,\"name\":\"Etusivu\",\"item\":\"https:\\\/\\\/ainogalleria.fi\\\/teoskauppa\\\/\"},{\"@type\":\"ListItem\",\"position\":2,\"name\":\"Tilaus- ja toimitusehdot\"}]},{\"@type\":\"WebSite\",\"@id\":\"https:\\\/\\\/ainogalleria.fi\\\/teoskauppa\\\/#website\",\"url\":\"https:\\\/\\\/ainogalleria.fi\\\/teoskauppa\\\/\",\"name\":\"AINO GALLERIA teoskauppa\",\"description\":\"\",\"publisher\":{\"@id\":\"https:\\\/\\\/ainogalleria.fi\\\/teoskauppa\\\/#organization\"},\"potentialAction\":[{\"@type\":\"SearchAction\",\"target\":{\"@type\":\"EntryPoint\",\"urlTemplate\":\"https:\\\/\\\/ainogalleria.fi\\\/teoskauppa\\\/?s={search_term_string}\"},\"query-input\":{\"@type\":\"PropertyValueSpecification\",\"valueRequired\":true,\"valueName\":\"search_term_string\"}}],\"inLanguage\":\"fi\"},{\"@type\":\"Organization\",\"@id\":\"https:\\\/\\\/ainogalleria.fi\\\/teoskauppa\\\/#organization\",\"name\":\"AINO GALLERIA\",\"url\":\"https:\\\/\\\/ainogalleria.fi\\\/teoskauppa\\\/\",\"logo\":{\"@type\":\"ImageObject\",\"inLanguage\":\"fi\",\"@id\":\"https:\\\/\\\/ainogalleria.fi\\\/teoskauppa\\\/#\\\/schema\\\/logo\\\/image\\\/\",\"url\":\"https:\\\/\\\/ainogalleria.fi\\\/teoskauppa\\\/wp-content\\\/uploads\\\/sites\\\/2\\\/2020\\\/10\\\/aino-galleria-logo.png\",\"contentUrl\":\"https:\\\/\\\/ainogalleria.fi\\\/teoskauppa\\\/wp-content\\\/uploads\\\/sites\\\/2\\\/2020\\\/10\\\/aino-galleria-logo.png\",\"width\":302,\"height\":53,\"caption\":\"AINO GALLERIA\"},\"image\":{\"@id\":\"https:\\\/\\\/ainogalleria.fi\\\/teoskauppa\\\/#\\\/schema\\\/logo\\\/image\\\/\"},\"sameAs\":[\"https:\\\/\\\/www.facebook.com\\\/Galleria-Aino-671946403253203\\\/\",\"https:\\\/\\\/www.instagram.com\\\/ainogalleria\"]}]}<\/script>\n<!-- \/ Yoast SEO plugin. -->","yoast_head_json":{"title":"Tilaus- ja toimitusehdot - AINO GALLERIA teoskauppa","robots":{"index":"index","follow":"follow","max-snippet":"max-snippet:-1","max-image-preview":"max-image-preview:large","max-video-preview":"max-video-preview:-1"},"canonical":"https:\/\/ainogalleria.fi\/teoskauppa\/tilaus-ja-toimitusehdot\/","og_locale":"fi_FI","og_type":"article","og_title":"Tilaus- ja toimitusehdot - AINO GALLERIA teoskauppa","og_description":"Tilaus- ja toimitusehdot Suostumus henkil\u00f6tietojesi k\u00e4sittelyyn Tekem\u00e4ll\u00e4 tilauksen hyv\u00e4ksyt henkil\u00f6tietojesi k\u00e4ytt\u00e4misen. Katso tietosuojaseloste t\u00e4st\u00e4 Toimitusehdot lyhyesti K\u00e4ytt\u00e4m\u00e4tt\u00f6mill\u00e4 tuotteilla on t\u00e4ysi 14 p\u00e4iv\u00e4n palautusoikeus. Tuotetta, jota l\u00f6ytyy varastosta on toimitusaika 2-7 arkip\u00e4iv\u00e4\u00e4. Mik\u00e4li tilattu tuote on poikkeuksellisesti p\u00e4\u00e4ssyt loppumaan varastosta, ilmoitetaan siit\u00e4 asiakkaalle viipym\u00e4tt\u00e4. Mik\u00e4li kuluttajalle on toimitettu v\u00e4\u00e4r\u00e4 tuote tai tuote on viallinen, tulee kuluttajan [&hellip;]","og_url":"https:\/\/ainogalleria.fi\/teoskauppa\/tilaus-ja-toimitusehdot\/","og_site_name":"AINO GALLERIA teoskauppa","article_publisher":"https:\/\/www.facebook.com\/Galleria-Aino-671946403253203\/","article_modified_time":"2020-10-05T07:29:27+00:00","twitter_card":"summary_large_image","schema":{"@context":"https:\/\/schema.org","@graph":[{"@type":"WebPage","@id":"https:\/\/ainogalleria.fi\/teoskauppa\/tilaus-ja-toimitusehdot\/","url":"https:\/\/ainogalleria.fi\/teoskauppa\/tilaus-ja-toimitusehdot\/","name":"Tilaus- ja toimitusehdot - AINO GALLERIA teoskauppa","isPartOf":{"@id":"https:\/\/ainogalleria.fi\/teoskauppa\/#website"},"datePublished":"2020-09-15T13:24:31+00:00","dateModified":"2020-10-05T07:29:27+00:00","breadcrumb":{"@id":"https:\/\/ainogalleria.fi\/teoskauppa\/tilaus-ja-toimitusehdot\/#breadcrumb"},"inLanguage":"fi","potentialAction":[{"@type":"ReadAction","target":["https:\/\/ainogalleria.fi\/teoskauppa\/tilaus-ja-toimitusehdot\/"]}]},{"@type":"BreadcrumbList","@id":"https:\/\/ainogalleria.fi\/teoskauppa\/tilaus-ja-toimitusehdot\/#breadcrumb","itemListElement":[{"@type":"ListItem","position":1,"name":"Etusivu","item":"https:\/\/ainogalleria.fi\/teoskauppa\/"},{"@type":"ListItem","position":2,"name":"Tilaus- ja toimitusehdot"}]},{"@type":"WebSite","@id":"https:\/\/ainogalleria.fi\/teoskauppa\/#website","url":"https:\/\/ainogalleria.fi\/teoskauppa\/","name":"AINO GALLERIA teoskauppa","description":"","publisher":{"@id":"https:\/\/ainogalleria.fi\/teoskauppa\/#organization"},"potentialAction":[{"@type":"SearchAction","target":{"@type":"EntryPoint","urlTemplate":"https:\/\/ainogalleria.fi\/teoskauppa\/?s={search_term_string}"},"query-input":{"@type":"PropertyValueSpecification","valueRequired":true,"valueName":"search_term_string"}}],"inLanguage":"fi"},{"@type":"Organization","@id":"https:\/\/ainogalleria.fi\/teoskauppa\/#organization","name":"AINO GALLERIA","url":"https:\/\/ainogalleria.fi\/teoskauppa\/","logo":{"@type":"ImageObject","inLanguage":"fi","@id":"https:\/\/ainogalleria.fi\/teoskauppa\/#\/schema\/logo\/image\/","url":"https:\/\/ainogalleria.fi\/teoskauppa\/wp-content\/uploads\/sites\/2\/2020\/10\/aino-galleria-logo.png","contentUrl":"https:\/\/ainogalleria.fi\/teoskauppa\/wp-content\/uploads\/sites\/2\/2020\/10\/aino-galleria-logo.png","width":302,"height":53,"caption":"AINO GALLERIA"},"image":{"@id":"https:\/\/ainogalleria.fi\/teoskauppa\/#\/schema\/logo\/image\/"},"sameAs":["https:\/\/www.facebook.com\/Galleria-Aino-671946403253203\/","https:\/\/www.instagram.com\/ainogalleria"]}]}},"_links":{"self":[{"href":"https:\/\/ainogalleria.fi\/teoskauppa\/wp-json\/wp\/v2\/pages\/285","targetHints":{"allow":["GET"]}}],"collection":[{"href":"https:\/\/ainogalleria.fi\/teoskauppa\/wp-json\/wp\/v2\/pages"}],"about":[{"href":"https:\/\/ainogalleria.fi\/teoskauppa\/wp-json\/wp\/v2\/types\/page"}],"author":[{"embeddable":true,"href":"https:\/\/ainogalleria.fi\/teoskauppa\/wp-json\/wp\/v2\/users\/1"}],"replies":[{"embeddable":true,"href":"https:\/\/ainogalleria.fi\/teoskauppa\/wp-json\/wp\/v2\/comments?post=285"}],"version-history":[{"count":10,"href":"https:\/\/ainogalleria.fi\/teoskauppa\/wp-json\/wp\/v2\/pages\/285\/revisions"}],"predecessor-version":[{"id":439,"href":"https:\/\/ainogalleria.fi\/teoskauppa\/wp-json\/wp\/v2\/pages\/285\/revisions\/439"}],"wp:attachment":[{"href":"https:\/\/ainogalleria.fi\/teoskauppa\/wp-json\/wp\/v2\/media?parent=285"}],"curies":[{"name":"wp","href":"https:\/\/api.w.org\/{rel}","templated":true}]}}