{"id":293,"date":"2020-09-23T10:31:51","date_gmt":"2020-09-23T07:31:51","guid":{"rendered":"https:\/\/ainogalleria.fi\/teoskauppa\/?page_id=293"},"modified":"2020-10-03T09:04:00","modified_gmt":"2020-10-03T06:04:00","slug":"tietosuojaseloste","status":"publish","type":"page","link":"https:\/\/ainogalleria.fi\/teoskauppa\/tietosuojaseloste\/","title":{"rendered":"Tietosuojaseloste"},"content":{"rendered":"<p>Tietosuojaseloste 23.9.2020<\/p>\n<p><strong>Rekisterinpit\u00e4j\u00e4 ja sen yhteystiedot<\/strong><\/p>\n<p>AINO KLINIKAT Oy (y-tunnus: 1539323-0)<br \/>\nToijalantie 286<br \/>\n37850 METS\u00c4KANSA<br \/>\ninfo@ainogalleria.fi<\/p>\n<p><strong>Mit\u00e4 tietoja minusta ker\u00e4t\u00e4\u00e4n?<\/strong><\/p>\n<p>Asiakasrekisteriin tallennetaan asiakkaan etunimi, sukunimi, katuosoite, postinumero, postitoimipaikka, maa, s\u00e4hk\u00f6postiosoite, puhelinnumero, asioidessa k\u00e4ytetty kieli, asioidessa k\u00e4ytetty valuutta. Yritysasiakkaalta voidaan tallentaa lis\u00e4ksi yrityksen nimi, y-tunnus ja alv-tunnus.<\/p>\n<p>Lis\u00e4ksi verkkokaupan tilaustietoihin tallennetaan asiakkaan tilauksen yhteydess\u00e4 antamat tiedot, kuten tilauksen tuotesis\u00e4lt\u00f6, maksutapa ja toimitustapa.<\/p>\n<p><strong>Mihin henkil\u00f6tietoja k\u00e4ytet\u00e4\u00e4n?<\/strong><\/p>\n<p>Henkil\u00f6tietoja k\u00e4ytet\u00e4\u00e4n:<\/p>\n<p>Asiakassuhteen hoitamiseen<br \/>\nTilauksen toimitukseen ja k\u00e4sittelyyn, sek\u00e4 arkistointiin<br \/>\nHenkil\u00f6tietojen k\u00e4sittelyn oikeusperusteena on sopimus, suostumus tai oikeutettu etu.<\/p>\n<p>Henkil\u00f6tietojen k\u00e4sittelyss\u00e4 on huomioitu 25.5.2018 alkaen noudatettavan EU:n tietosuoja-asetuksen asettamat vaatimukset.<\/p>\n<p><strong>Kuinka kauan henkil\u00f6tietojani s\u00e4ilytet\u00e4\u00e4n?<\/strong><\/p>\n<p>S\u00e4ilyt\u00e4mme henkil\u00f6tietojasi niin kauan, kuin on tarpeellista rekisterin k\u00e4ytt\u00f6tarkoitusten toteuttamiseksi.<\/p>\n<p>Lis\u00e4ksi joitain tietoja voidaan s\u00e4ilytt\u00e4\u00e4 kauemmin niilt\u00e4 osin kuin se on tarpeen laissa asetettujen velvollisuuksien, kuten kirjanpitoa ja kuluttajakauppaa koskevien vastuiden hoitamiseksi.<\/p>\n<p><strong>Tietojen luovutus kolmansille osapuolille<\/strong><\/p>\n<p>AINO GALLERIA ei luovuta henkil\u00f6tietojasi kolmansille osapuolille. AINO GALLERIA luovuttaa henkil\u00f6tietoa vain logistiikka- ja maksupalveluv\u00e4litt\u00e4j\u00e4lle, verkkokauppamme toiminnan mahdollistamiseksi.<\/p>\n<p><strong>Asiakkaan oikeudet<\/strong><\/p>\n<p>Asiakkaana sinulla on seuraavat oikeudet:<br \/>\nTarkistusoikeus<br \/>\nOikaisuoikeus<br \/>\nOikeus peruuttaa suostumus<br \/>\nPoisto-oikeus<\/p>\n","protected":false},"excerpt":{"rendered":"<p>Tietosuojaseloste 23.9.2020 Rekisterinpit\u00e4j\u00e4 ja sen yhteystiedot AINO KLINIKAT Oy (y-tunnus: 1539323-0) Toijalantie 286 37850 METS\u00c4KANSA info@ainogalleria.fi Mit\u00e4 tietoja minusta ker\u00e4t\u00e4\u00e4n? Asiakasrekisteriin tallennetaan asiakkaan etunimi, sukunimi, katuosoite, postinumero, postitoimipaikka, maa, s\u00e4hk\u00f6postiosoite, puhelinnumero, asioidessa k\u00e4ytetty kieli, asioidessa k\u00e4ytetty valuutta. Yritysasiakkaalta voidaan tallentaa lis\u00e4ksi yrityksen nimi, y-tunnus ja alv-tunnus. Lis\u00e4ksi verkkokaupan tilaustietoihin tallennetaan asiakkaan tilauksen yhteydess\u00e4 antamat tiedot, [&hellip;]<\/p>\n","protected":false},"author":1,"featured_media":0,"parent":0,"menu_order":0,"comment_status":"closed","ping_status":"closed","template":"","meta":{"footnotes":""},"class_list":["post-293","page","type-page","status-publish","hentry"],"yoast_head":"<!-- This site is optimized with the Yoast SEO plugin v27.4 - https:\/\/yoast.com\/product\/yoast-seo-wordpress\/ -->\n<title>Tietosuojaseloste - AINO GALLERIA teoskauppa<\/title>\n<meta name=\"robots\" content=\"index, follow, max-snippet:-1, max-image-preview:large, max-video-preview:-1\" \/>\n<link rel=\"canonical\" href=\"https:\/\/ainogalleria.fi\/teoskauppa\/tietosuojaseloste\/\" \/>\n<meta property=\"og:locale\" content=\"fi_FI\" \/>\n<meta property=\"og:type\" content=\"article\" \/>\n<meta property=\"og:title\" content=\"Tietosuojaseloste - AINO GALLERIA teoskauppa\" \/>\n<meta property=\"og:description\" content=\"Tietosuojaseloste 23.9.2020 Rekisterinpit\u00e4j\u00e4 ja sen yhteystiedot AINO KLINIKAT Oy (y-tunnus: 1539323-0) Toijalantie 286 37850 METS\u00c4KANSA info@ainogalleria.fi Mit\u00e4 tietoja minusta ker\u00e4t\u00e4\u00e4n? Asiakasrekisteriin tallennetaan asiakkaan etunimi, sukunimi, katuosoite, postinumero, postitoimipaikka, maa, s\u00e4hk\u00f6postiosoite, puhelinnumero, asioidessa k\u00e4ytetty kieli, asioidessa k\u00e4ytetty valuutta. Yritysasiakkaalta voidaan tallentaa lis\u00e4ksi yrityksen nimi, y-tunnus ja alv-tunnus. Lis\u00e4ksi verkkokaupan tilaustietoihin tallennetaan asiakkaan tilauksen yhteydess\u00e4 antamat tiedot, [&hellip;]\" \/>\n<meta property=\"og:url\" content=\"https:\/\/ainogalleria.fi\/teoskauppa\/tietosuojaseloste\/\" \/>\n<meta property=\"og:site_name\" content=\"AINO GALLERIA teoskauppa\" \/>\n<meta property=\"article:publisher\" content=\"https:\/\/www.facebook.com\/Galleria-Aino-671946403253203\/\" \/>\n<meta property=\"article:modified_time\" content=\"2020-10-03T06:04:00+00:00\" \/>\n<meta name=\"twitter:card\" content=\"summary_large_image\" \/>\n<script type=\"application\/ld+json\" class=\"yoast-schema-graph\">{\"@context\":\"https:\\\/\\\/schema.org\",\"@graph\":[{\"@type\":\"WebPage\",\"@id\":\"https:\\\/\\\/ainogalleria.fi\\\/teoskauppa\\\/tietosuojaseloste\\\/\",\"url\":\"https:\\\/\\\/ainogalleria.fi\\\/teoskauppa\\\/tietosuojaseloste\\\/\",\"name\":\"Tietosuojaseloste - AINO GALLERIA teoskauppa\",\"isPartOf\":{\"@id\":\"https:\\\/\\\/ainogalleria.fi\\\/teoskauppa\\\/#website\"},\"datePublished\":\"2020-09-23T07:31:51+00:00\",\"dateModified\":\"2020-10-03T06:04:00+00:00\",\"breadcrumb\":{\"@id\":\"https:\\\/\\\/ainogalleria.fi\\\/teoskauppa\\\/tietosuojaseloste\\\/#breadcrumb\"},\"inLanguage\":\"fi\",\"potentialAction\":[{\"@type\":\"ReadAction\",\"target\":[\"https:\\\/\\\/ainogalleria.fi\\\/teoskauppa\\\/tietosuojaseloste\\\/\"]}]},{\"@type\":\"BreadcrumbList\",\"@id\":\"https:\\\/\\\/ainogalleria.fi\\\/teoskauppa\\\/tietosuojaseloste\\\/#breadcrumb\",\"itemListElement\":[{\"@type\":\"ListItem\",\"position\":1,\"name\":\"Etusivu\",\"item\":\"https:\\\/\\\/ainogalleria.fi\\\/teoskauppa\\\/\"},{\"@type\":\"ListItem\",\"position\":2,\"name\":\"Tietosuojaseloste\"}]},{\"@type\":\"WebSite\",\"@id\":\"https:\\\/\\\/ainogalleria.fi\\\/teoskauppa\\\/#website\",\"url\":\"https:\\\/\\\/ainogalleria.fi\\\/teoskauppa\\\/\",\"name\":\"AINO GALLERIA teoskauppa\",\"description\":\"\",\"publisher\":{\"@id\":\"https:\\\/\\\/ainogalleria.fi\\\/teoskauppa\\\/#organization\"},\"potentialAction\":[{\"@type\":\"SearchAction\",\"target\":{\"@type\":\"EntryPoint\",\"urlTemplate\":\"https:\\\/\\\/ainogalleria.fi\\\/teoskauppa\\\/?s={search_term_string}\"},\"query-input\":{\"@type\":\"PropertyValueSpecification\",\"valueRequired\":true,\"valueName\":\"search_term_string\"}}],\"inLanguage\":\"fi\"},{\"@type\":\"Organization\",\"@id\":\"https:\\\/\\\/ainogalleria.fi\\\/teoskauppa\\\/#organization\",\"name\":\"AINO GALLERIA\",\"url\":\"https:\\\/\\\/ainogalleria.fi\\\/teoskauppa\\\/\",\"logo\":{\"@type\":\"ImageObject\",\"inLanguage\":\"fi\",\"@id\":\"https:\\\/\\\/ainogalleria.fi\\\/teoskauppa\\\/#\\\/schema\\\/logo\\\/image\\\/\",\"url\":\"https:\\\/\\\/ainogalleria.fi\\\/teoskauppa\\\/wp-content\\\/uploads\\\/sites\\\/2\\\/2020\\\/10\\\/aino-galleria-logo.png\",\"contentUrl\":\"https:\\\/\\\/ainogalleria.fi\\\/teoskauppa\\\/wp-content\\\/uploads\\\/sites\\\/2\\\/2020\\\/10\\\/aino-galleria-logo.png\",\"width\":302,\"height\":53,\"caption\":\"AINO GALLERIA\"},\"image\":{\"@id\":\"https:\\\/\\\/ainogalleria.fi\\\/teoskauppa\\\/#\\\/schema\\\/logo\\\/image\\\/\"},\"sameAs\":[\"https:\\\/\\\/www.facebook.com\\\/Galleria-Aino-671946403253203\\\/\",\"https:\\\/\\\/www.instagram.com\\\/ainogalleria\"]}]}<\/script>\n<!-- \/ Yoast SEO plugin. -->","yoast_head_json":{"title":"Tietosuojaseloste - AINO GALLERIA teoskauppa","robots":{"index":"index","follow":"follow","max-snippet":"max-snippet:-1","max-image-preview":"max-image-preview:large","max-video-preview":"max-video-preview:-1"},"canonical":"https:\/\/ainogalleria.fi\/teoskauppa\/tietosuojaseloste\/","og_locale":"fi_FI","og_type":"article","og_title":"Tietosuojaseloste - AINO GALLERIA teoskauppa","og_description":"Tietosuojaseloste 23.9.2020 Rekisterinpit\u00e4j\u00e4 ja sen yhteystiedot AINO KLINIKAT Oy (y-tunnus: 1539323-0) Toijalantie 286 37850 METS\u00c4KANSA info@ainogalleria.fi Mit\u00e4 tietoja minusta ker\u00e4t\u00e4\u00e4n? Asiakasrekisteriin tallennetaan asiakkaan etunimi, sukunimi, katuosoite, postinumero, postitoimipaikka, maa, s\u00e4hk\u00f6postiosoite, puhelinnumero, asioidessa k\u00e4ytetty kieli, asioidessa k\u00e4ytetty valuutta. Yritysasiakkaalta voidaan tallentaa lis\u00e4ksi yrityksen nimi, y-tunnus ja alv-tunnus. Lis\u00e4ksi verkkokaupan tilaustietoihin tallennetaan asiakkaan tilauksen yhteydess\u00e4 antamat tiedot, [&hellip;]","og_url":"https:\/\/ainogalleria.fi\/teoskauppa\/tietosuojaseloste\/","og_site_name":"AINO GALLERIA teoskauppa","article_publisher":"https:\/\/www.facebook.com\/Galleria-Aino-671946403253203\/","article_modified_time":"2020-10-03T06:04:00+00:00","twitter_card":"summary_large_image","schema":{"@context":"https:\/\/schema.org","@graph":[{"@type":"WebPage","@id":"https:\/\/ainogalleria.fi\/teoskauppa\/tietosuojaseloste\/","url":"https:\/\/ainogalleria.fi\/teoskauppa\/tietosuojaseloste\/","name":"Tietosuojaseloste - AINO GALLERIA teoskauppa","isPartOf":{"@id":"https:\/\/ainogalleria.fi\/teoskauppa\/#website"},"datePublished":"2020-09-23T07:31:51+00:00","dateModified":"2020-10-03T06:04:00+00:00","breadcrumb":{"@id":"https:\/\/ainogalleria.fi\/teoskauppa\/tietosuojaseloste\/#breadcrumb"},"inLanguage":"fi","potentialAction":[{"@type":"ReadAction","target":["https:\/\/ainogalleria.fi\/teoskauppa\/tietosuojaseloste\/"]}]},{"@type":"BreadcrumbList","@id":"https:\/\/ainogalleria.fi\/teoskauppa\/tietosuojaseloste\/#breadcrumb","itemListElement":[{"@type":"ListItem","position":1,"name":"Etusivu","item":"https:\/\/ainogalleria.fi\/teoskauppa\/"},{"@type":"ListItem","position":2,"name":"Tietosuojaseloste"}]},{"@type":"WebSite","@id":"https:\/\/ainogalleria.fi\/teoskauppa\/#website","url":"https:\/\/ainogalleria.fi\/teoskauppa\/","name":"AINO GALLERIA teoskauppa","description":"","publisher":{"@id":"https:\/\/ainogalleria.fi\/teoskauppa\/#organization"},"potentialAction":[{"@type":"SearchAction","target":{"@type":"EntryPoint","urlTemplate":"https:\/\/ainogalleria.fi\/teoskauppa\/?s={search_term_string}"},"query-input":{"@type":"PropertyValueSpecification","valueRequired":true,"valueName":"search_term_string"}}],"inLanguage":"fi"},{"@type":"Organization","@id":"https:\/\/ainogalleria.fi\/teoskauppa\/#organization","name":"AINO GALLERIA","url":"https:\/\/ainogalleria.fi\/teoskauppa\/","logo":{"@type":"ImageObject","inLanguage":"fi","@id":"https:\/\/ainogalleria.fi\/teoskauppa\/#\/schema\/logo\/image\/","url":"https:\/\/ainogalleria.fi\/teoskauppa\/wp-content\/uploads\/sites\/2\/2020\/10\/aino-galleria-logo.png","contentUrl":"https:\/\/ainogalleria.fi\/teoskauppa\/wp-content\/uploads\/sites\/2\/2020\/10\/aino-galleria-logo.png","width":302,"height":53,"caption":"AINO GALLERIA"},"image":{"@id":"https:\/\/ainogalleria.fi\/teoskauppa\/#\/schema\/logo\/image\/"},"sameAs":["https:\/\/www.facebook.com\/Galleria-Aino-671946403253203\/","https:\/\/www.instagram.com\/ainogalleria"]}]}},"_links":{"self":[{"href":"https:\/\/ainogalleria.fi\/teoskauppa\/wp-json\/wp\/v2\/pages\/293","targetHints":{"allow":["GET"]}}],"collection":[{"href":"https:\/\/ainogalleria.fi\/teoskauppa\/wp-json\/wp\/v2\/pages"}],"about":[{"href":"https:\/\/ainogalleria.fi\/teoskauppa\/wp-json\/wp\/v2\/types\/page"}],"author":[{"embeddable":true,"href":"https:\/\/ainogalleria.fi\/teoskauppa\/wp-json\/wp\/v2\/users\/1"}],"replies":[{"embeddable":true,"href":"https:\/\/ainogalleria.fi\/teoskauppa\/wp-json\/wp\/v2\/comments?post=293"}],"version-history":[{"count":4,"href":"https:\/\/ainogalleria.fi\/teoskauppa\/wp-json\/wp\/v2\/pages\/293\/revisions"}],"predecessor-version":[{"id":427,"href":"https:\/\/ainogalleria.fi\/teoskauppa\/wp-json\/wp\/v2\/pages\/293\/revisions\/427"}],"wp:attachment":[{"href":"https:\/\/ainogalleria.fi\/teoskauppa\/wp-json\/wp\/v2\/media?parent=293"}],"curies":[{"name":"wp","href":"https:\/\/api.w.org\/{rel}","templated":true}]}}